{"id":164,"date":"2019-06-11T17:24:55","date_gmt":"2019-06-11T15:24:55","guid":{"rendered":"https:\/\/adele-sansone.com\/wordpress\/?page_id=164"},"modified":"2024-10-03T15:42:17","modified_gmt":"2024-10-03T13:42:17","slug":"buecher","status":"publish","type":"page","link":"https:\/\/adele-sansone.com\/wordpress\/buecher\/","title":{"rendered":"B\u00fccher"},"content":{"rendered":"<h5>Welche Beitr\u00e4ge \u00fcber B\u00fccher finden Sie hier?<\/h5>\n<ul>\n<li>a) Sachb\u00fccher, die sich mit verschiedenen Bereichen aus der Natur befassen; ob Pflanzen, Tiere, Umweltthemen<\/li>\n<li>b) Sachb\u00fccher, die ich selbst immer wieder gerne als Wissensquelle benutze.<\/li>\n<li>c) B\u00fccher, die uns als Gartenbenutzer\/-besitzer helfen, auch die Fr\u00fcchte des Gartens zu verwerten&#8230;&#8230;<img loading=\"lazy\" decoding=\"async\" class=\"size-full wp-image-426 alignleft\" src=\"https:\/\/adele-sansone.com\/wordpress\/wp-content\/uploads\/2019\/07\/16-44-43-184_294.jpg\" alt=\"\" width=\"234\" height=\"294\" srcset=\"https:\/\/adele-sansone.com\/wordpress\/wp-content\/uploads\/2019\/07\/16-44-43-184_294.jpg 234w, https:\/\/adele-sansone.com\/wordpress\/wp-content\/uploads\/2019\/07\/16-44-43-184_294-119x150.jpg 119w\" sizes=\"auto, (max-width: 234px) 100vw, 234px\" \/><\/li>\n<li><img loading=\"lazy\" decoding=\"async\" class=\"size-medium wp-image-428 alignnone\" src=\"https:\/\/adele-sansone.com\/wordpress\/wp-content\/uploads\/2019\/07\/Buchinhalt-300x185.jpg\" alt=\"\" width=\"300\" height=\"185\" srcset=\"https:\/\/adele-sansone.com\/wordpress\/wp-content\/uploads\/2019\/07\/Buchinhalt-300x185.jpg 300w, https:\/\/adele-sansone.com\/wordpress\/wp-content\/uploads\/2019\/07\/Buchinhalt-768x475.jpg 768w, https:\/\/adele-sansone.com\/wordpress\/wp-content\/uploads\/2019\/07\/Buchinhalt-150x93.jpg 150w, https:\/\/adele-sansone.com\/wordpress\/wp-content\/uploads\/2019\/07\/Buchinhalt.jpg 840w\" sizes=\"auto, (max-width: 300px) 100vw, 300px\" \/><img loading=\"lazy\" decoding=\"async\" class=\"size-medium wp-image-427 alignright\" src=\"https:\/\/adele-sansone.com\/wordpress\/wp-content\/uploads\/2019\/07\/41YR-M4oAEL._SX310_BO1204203200_-188x300.jpg\" alt=\"\" width=\"188\" height=\"300\" srcset=\"https:\/\/adele-sansone.com\/wordpress\/wp-content\/uploads\/2019\/07\/41YR-M4oAEL._SX310_BO1204203200_-188x300.jpg 188w, https:\/\/adele-sansone.com\/wordpress\/wp-content\/uploads\/2019\/07\/41YR-M4oAEL._SX310_BO1204203200_-94x150.jpg 94w, https:\/\/adele-sansone.com\/wordpress\/wp-content\/uploads\/2019\/07\/41YR-M4oAEL._SX310_BO1204203200_.jpg 312w\" sizes=\"auto, (max-width: 188px) 100vw, 188px\" \/><\/li>\n<\/ul>\n<p>&nbsp;<\/p>\n<p>&nbsp;<\/p>\n<p><strong>Anmerkung<\/strong>:<\/p>\n<p><em>Eine Buchbesprechung\/Rezension stellt immer auch eine #werbung f\u00fcr das besprochene Produkt dar; auch wenn der Entgelt daf\u00fcr nur das Freiexemplar des betreffenden Verlages ist. Oder, wie in vielen meiner Besprechungen, das Buch ganz normal im Buchhandel f\u00fcr den eigenen Gebrauch gekauft worden ist.<\/em><\/p>\n","protected":false},"excerpt":{"rendered":"<p>Welche Beitr\u00e4ge \u00fcber B\u00fccher finden Sie hier? a) Sachb\u00fccher, die sich mit verschiedenen Bereichen aus der Natur befassen; ob Pflanzen, Tiere, Umweltthemen b) Sachb\u00fccher, die ich selbst immer wieder gerne als Wissensquelle benutze. c) B\u00fccher, die uns als Gartenbenutzer\/-besitzer helfen, auch die Fr\u00fcchte des Gartens zu verwerten&#8230;&#8230; &nbsp; &nbsp; Anmerkung: &hellip;<\/p>\n","protected":false},"author":2,"featured_media":0,"parent":0,"menu_order":70,"comment_status":"closed","ping_status":"closed","template":"","meta":{"footnotes":""},"class_list":["post-164","page","type-page","status-publish","hentry"],"_links":{"self":[{"href":"https:\/\/adele-sansone.com\/wordpress\/wp-json\/wp\/v2\/pages\/164","targetHints":{"allow":["GET"]}}],"collection":[{"href":"https:\/\/adele-sansone.com\/wordpress\/wp-json\/wp\/v2\/pages"}],"about":[{"href":"https:\/\/adele-sansone.com\/wordpress\/wp-json\/wp\/v2\/types\/page"}],"author":[{"embeddable":true,"href":"https:\/\/adele-sansone.com\/wordpress\/wp-json\/wp\/v2\/users\/2"}],"replies":[{"embeddable":true,"href":"https:\/\/adele-sansone.com\/wordpress\/wp-json\/wp\/v2\/comments?post=164"}],"version-history":[{"count":7,"href":"https:\/\/adele-sansone.com\/wordpress\/wp-json\/wp\/v2\/pages\/164\/revisions"}],"predecessor-version":[{"id":1258,"href":"https:\/\/adele-sansone.com\/wordpress\/wp-json\/wp\/v2\/pages\/164\/revisions\/1258"}],"wp:attachment":[{"href":"https:\/\/adele-sansone.com\/wordpress\/wp-json\/wp\/v2\/media?parent=164"}],"curies":[{"name":"wp","href":"https:\/\/api.w.org\/{rel}","templated":true}]}}