{"id":165,"date":"2019-06-11T17:24:55","date_gmt":"2019-06-11T15:24:55","guid":{"rendered":"https:\/\/adele-sansone.com\/wordpress\/?page_id=165"},"modified":"2024-10-03T15:41:10","modified_gmt":"2024-10-03T13:41:10","slug":"garten","status":"publish","type":"page","link":"https:\/\/adele-sansone.com\/wordpress\/garten\/","title":{"rendered":"Garten"},"content":{"rendered":"<p>Was findet Ihr unter dem Begriff #Garten bei mir hier?<\/p>\n<ul>\n<li>Wissenswertes rund um Gem\u00fcse, das wir gerne anbauen;<\/li>\n<li>Portr\u00e4ts von besonderen Blumen,<\/li>\n<\/ul>\n<figure id=\"attachment_460\" aria-describedby=\"caption-attachment-460\" style=\"width: 300px\" class=\"wp-caption aligncenter\"><img loading=\"lazy\" decoding=\"async\" class=\"wp-image-460 size-medium\" src=\"https:\/\/adele-sansone.com\/wordpress\/wp-content\/uploads\/2019\/07\/39-von-41-300x169.jpg\" alt=\"\" width=\"300\" height=\"169\" srcset=\"https:\/\/adele-sansone.com\/wordpress\/wp-content\/uploads\/2019\/07\/39-von-41-300x169.jpg 300w, https:\/\/adele-sansone.com\/wordpress\/wp-content\/uploads\/2019\/07\/39-von-41-768x432.jpg 768w, https:\/\/adele-sansone.com\/wordpress\/wp-content\/uploads\/2019\/07\/39-von-41-1024x576.jpg 1024w, https:\/\/adele-sansone.com\/wordpress\/wp-content\/uploads\/2019\/07\/39-von-41-150x84.jpg 150w, https:\/\/adele-sansone.com\/wordpress\/wp-content\/uploads\/2019\/07\/39-von-41.jpg 1920w\" sizes=\"auto, (max-width: 300px) 100vw, 300px\" \/><figcaption id=\"caption-attachment-460\" class=\"wp-caption-text\">Sommergarten<\/figcaption><\/figure>\n<ul>\n<li>Anregungen zur Beetgestaltung<\/li>\n<li>naturnahes G\u00e4rtnern<\/li>\n<li>Allgemeine Gartentipps<\/li>\n<li>aber auch Rezepte zur Konservierung der Fr\u00fcchte unserer Gartenarbeit.<\/li>\n<li>Und zuletzt nat\u00fcrlich auch mal Lustiges und Kritisches, ein kleines Naturpotpourri.<br \/>\nDen Gr\u00fcnen Daumen hoch!<\/li>\n<\/ul>\n","protected":false},"excerpt":{"rendered":"<p>Was findet Ihr unter dem Begriff #Garten bei mir hier? Wissenswertes rund um Gem\u00fcse, das wir gerne anbauen; Portr\u00e4ts von besonderen Blumen, Anregungen zur Beetgestaltung naturnahes G\u00e4rtnern Allgemeine Gartentipps aber auch Rezepte zur Konservierung der Fr\u00fcchte unserer Gartenarbeit. Und zuletzt nat\u00fcrlich auch mal Lustiges und Kritisches, ein kleines Naturpotpourri. Den &hellip;<\/p>\n","protected":false},"author":2,"featured_media":0,"parent":0,"menu_order":40,"comment_status":"closed","ping_status":"closed","template":"","meta":{"footnotes":""},"class_list":["post-165","page","type-page","status-publish","hentry"],"_links":{"self":[{"href":"https:\/\/adele-sansone.com\/wordpress\/wp-json\/wp\/v2\/pages\/165","targetHints":{"allow":["GET"]}}],"collection":[{"href":"https:\/\/adele-sansone.com\/wordpress\/wp-json\/wp\/v2\/pages"}],"about":[{"href":"https:\/\/adele-sansone.com\/wordpress\/wp-json\/wp\/v2\/types\/page"}],"author":[{"embeddable":true,"href":"https:\/\/adele-sansone.com\/wordpress\/wp-json\/wp\/v2\/users\/2"}],"replies":[{"embeddable":true,"href":"https:\/\/adele-sansone.com\/wordpress\/wp-json\/wp\/v2\/comments?post=165"}],"version-history":[{"count":4,"href":"https:\/\/adele-sansone.com\/wordpress\/wp-json\/wp\/v2\/pages\/165\/revisions"}],"predecessor-version":[{"id":4329,"href":"https:\/\/adele-sansone.com\/wordpress\/wp-json\/wp\/v2\/pages\/165\/revisions\/4329"}],"wp:attachment":[{"href":"https:\/\/adele-sansone.com\/wordpress\/wp-json\/wp\/v2\/media?parent=165"}],"curies":[{"name":"wp","href":"https:\/\/api.w.org\/{rel}","templated":true}]}}