{"id":329,"date":"2019-06-19T17:37:26","date_gmt":"2019-06-19T15:37:26","guid":{"rendered":"https:\/\/adele-sansone.com\/wordpress\/?page_id=329"},"modified":"2024-10-03T15:40:09","modified_gmt":"2024-10-03T13:40:09","slug":"tiere","status":"publish","type":"page","link":"https:\/\/adele-sansone.com\/wordpress\/tiere\/","title":{"rendered":"Tiere"},"content":{"rendered":"<p>Was erwartet den Besucher an Themen, an Informationen \u00fcber Tiere?<\/p>\n<ul>\n<li>Von <strong>Aoudad <\/strong>bis <strong>Ziesel; Tierportr\u00e4ts <\/strong>der liebevollen Art.<\/li>\n<li><strong>Tierfamilien <\/strong>und ihr besonderes Verhalten in den Mittelpunkt ger\u00fcckt.<\/li>\n<li>&#8222;Unernste&#8220; <strong>Fragen, <\/strong>wie etwa diese: <em><em>&#8222;Schwein oder nicht Schwein, das ist hier die Frage?&#8220; Sind Erdferkel, Hirscheber, Meerschwein, Schweinswal oder Wasserschwein; alles Schwein oder was? Eine saum\u00e4\u00dfige Spurensuche!<\/em><\/em>\n<p><figure id=\"attachment_433\" aria-describedby=\"caption-attachment-433\" style=\"width: 300px\" class=\"wp-caption aligncenter\"><img loading=\"lazy\" decoding=\"async\" class=\"wp-image-433 size-medium\" src=\"https:\/\/adele-sansone.com\/wordpress\/wp-content\/uploads\/2019\/07\/17-25-53-670_622-300x190.jpg\" alt=\"\" width=\"300\" height=\"190\" srcset=\"https:\/\/adele-sansone.com\/wordpress\/wp-content\/uploads\/2019\/07\/17-25-53-670_622-300x190.jpg 300w, https:\/\/adele-sansone.com\/wordpress\/wp-content\/uploads\/2019\/07\/17-25-53-670_622-150x95.jpg 150w, https:\/\/adele-sansone.com\/wordpress\/wp-content\/uploads\/2019\/07\/17-25-53-670_622.jpg 622w\" sizes=\"auto, (max-width: 300px) 100vw, 300px\" \/><figcaption id=\"caption-attachment-433\" class=\"wp-caption-text\">Ein echter &#8222;Sauhaufen&#8220;<\/figcaption><\/figure><\/li>\n<\/ul>\n<p>Ich w\u00fcnsche den Besuchern des Blogs auf jeden Fall so viel Spa\u00df beim Lesen wie es mir bei der Spurensuche\/Recherche immer wieder bereitet.<br \/>\n<em>PS: Etwaige zoologische Feinheiten, die nicht artgerecht genug geh\u00e4ndelt wurden, m\u00f6gen die Leser verzeihen.<\/em><\/p>\n","protected":false},"excerpt":{"rendered":"<p>Was erwartet den Besucher an Themen, an Informationen \u00fcber Tiere? Von Aoudad bis Ziesel; Tierportr\u00e4ts der liebevollen Art. Tierfamilien und ihr besonderes Verhalten in den Mittelpunkt ger\u00fcckt. &#8222;Unernste&#8220; Fragen, wie etwa diese: &#8222;Schwein oder nicht Schwein, das ist hier die Frage?&#8220; Sind Erdferkel, Hirscheber, Meerschwein, Schweinswal oder Wasserschwein; alles Schwein &hellip;<\/p>\n","protected":false},"author":2,"featured_media":0,"parent":0,"menu_order":30,"comment_status":"closed","ping_status":"closed","template":"","meta":{"footnotes":""},"class_list":["post-329","page","type-page","status-publish","hentry"],"_links":{"self":[{"href":"https:\/\/adele-sansone.com\/wordpress\/wp-json\/wp\/v2\/pages\/329","targetHints":{"allow":["GET"]}}],"collection":[{"href":"https:\/\/adele-sansone.com\/wordpress\/wp-json\/wp\/v2\/pages"}],"about":[{"href":"https:\/\/adele-sansone.com\/wordpress\/wp-json\/wp\/v2\/types\/page"}],"author":[{"embeddable":true,"href":"https:\/\/adele-sansone.com\/wordpress\/wp-json\/wp\/v2\/users\/2"}],"replies":[{"embeddable":true,"href":"https:\/\/adele-sansone.com\/wordpress\/wp-json\/wp\/v2\/comments?post=329"}],"version-history":[{"count":10,"href":"https:\/\/adele-sansone.com\/wordpress\/wp-json\/wp\/v2\/pages\/329\/revisions"}],"predecessor-version":[{"id":4328,"href":"https:\/\/adele-sansone.com\/wordpress\/wp-json\/wp\/v2\/pages\/329\/revisions\/4328"}],"wp:attachment":[{"href":"https:\/\/adele-sansone.com\/wordpress\/wp-json\/wp\/v2\/media?parent=329"}],"curies":[{"name":"wp","href":"https:\/\/api.w.org\/{rel}","templated":true}]}}