{"id":582,"date":"2019-07-12T15:47:57","date_gmt":"2019-07-12T13:47:57","guid":{"rendered":"https:\/\/adele-sansone.com\/wordpress\/?page_id=582"},"modified":"2024-10-03T15:37:02","modified_gmt":"2024-10-03T13:37:02","slug":"582-2","status":"publish","type":"page","link":"https:\/\/adele-sansone.com\/wordpress\/582-2\/","title":{"rendered":"\u00dcber mich"},"content":{"rendered":"<p>Wer ich bin; also einmal Autorin f\u00fcr Kinder- und Jugendbuch und Illustratorin; im nichtberuflichen Leben aber vor allem Garten- bzw. Botanikfreak. Lebensraum Nordtirol. Gerne auch auf Reisen wandernd und mit Fotoapprat bewaffnet quer durchs Land unterwegs.<\/p>\n<figure id=\"attachment_588\" aria-describedby=\"caption-attachment-588\" style=\"width: 300px\" class=\"wp-caption alignleft\"><img loading=\"lazy\" decoding=\"async\" class=\"wp-image-588 size-medium\" src=\"https:\/\/adele-sansone.com\/wordpress\/wp-content\/uploads\/2019\/07\/2016-Warth-Steeg-083-300x169.jpg\" alt=\"\" width=\"300\" height=\"169\" srcset=\"https:\/\/adele-sansone.com\/wordpress\/wp-content\/uploads\/2019\/07\/2016-Warth-Steeg-083-300x169.jpg 300w, https:\/\/adele-sansone.com\/wordpress\/wp-content\/uploads\/2019\/07\/2016-Warth-Steeg-083-150x84.jpg 150w, https:\/\/adele-sansone.com\/wordpress\/wp-content\/uploads\/2019\/07\/2016-Warth-Steeg-083.jpg 530w\" sizes=\"auto, (max-width: 300px) 100vw, 300px\" \/><figcaption id=\"caption-attachment-588\" class=\"wp-caption-text\">Bergauf auf Blumensuche<\/figcaption><\/figure>\n<figure id=\"attachment_587\" aria-describedby=\"caption-attachment-587\" style=\"width: 300px\" class=\"wp-caption alignright\"><img loading=\"lazy\" decoding=\"async\" class=\"wp-image-587 size-medium\" src=\"https:\/\/adele-sansone.com\/wordpress\/wp-content\/uploads\/2019\/07\/Freitag-131-von-86-300x200.jpg\" alt=\"\" width=\"300\" height=\"200\" srcset=\"https:\/\/adele-sansone.com\/wordpress\/wp-content\/uploads\/2019\/07\/Freitag-131-von-86-300x200.jpg 300w, https:\/\/adele-sansone.com\/wordpress\/wp-content\/uploads\/2019\/07\/Freitag-131-von-86-768x512.jpg 768w, https:\/\/adele-sansone.com\/wordpress\/wp-content\/uploads\/2019\/07\/Freitag-131-von-86-1024x683.jpg 1024w, https:\/\/adele-sansone.com\/wordpress\/wp-content\/uploads\/2019\/07\/Freitag-131-von-86-150x100.jpg 150w, https:\/\/adele-sansone.com\/wordpress\/wp-content\/uploads\/2019\/07\/Freitag-131-von-86.jpg 1920w\" sizes=\"auto, (max-width: 300px) 100vw, 300px\" \/><figcaption id=\"caption-attachment-587\" class=\"wp-caption-text\">Neues gibt es auch am Meeresstrand<\/figcaption><\/figure>\n<figure id=\"attachment_589\" aria-describedby=\"caption-attachment-589\" style=\"width: 300px\" class=\"wp-caption aligncenter\"><img loading=\"lazy\" decoding=\"async\" class=\"wp-image-589 size-medium\" src=\"https:\/\/adele-sansone.com\/wordpress\/wp-content\/uploads\/2019\/07\/St.nikolaus1-07-300x225.jpg\" alt=\"\" width=\"300\" height=\"225\" srcset=\"https:\/\/adele-sansone.com\/wordpress\/wp-content\/uploads\/2019\/07\/St.nikolaus1-07-300x225.jpg 300w, https:\/\/adele-sansone.com\/wordpress\/wp-content\/uploads\/2019\/07\/St.nikolaus1-07-150x112.jpg 150w, https:\/\/adele-sansone.com\/wordpress\/wp-content\/uploads\/2019\/07\/St.nikolaus1-07.jpg 450w\" sizes=\"auto, (max-width: 300px) 100vw, 300px\" \/><figcaption id=\"caption-attachment-589\" class=\"wp-caption-text\">Auf Lesetour in Schulklassen &#8211; diese Karriere habe ich mittlerweile beendet.<\/figcaption><\/figure>\n<p>Ich schreibe aber weiterhin gerne rund um Natur, Pflanzen, Tiere. Wobei mich auch die Hintergr\u00fcnde (botanisch, historisch, regionale Besonderheiten) interessieren. Das Fotografieren und Bestimmen der Pflanzen, besonders der alpinen, sprechen mich besonders an.<\/p>\n<p style=\"text-align: left;\">Als <a href=\"https:\/\/pagewizz.com\/users\/Adele_Sansone\/\">Sach-Autorin f\u00fcr das Internet-Portal Pagewizz.com<\/a> habe ich seit Jahren viele ausf\u00fchrliche Artikel verfasst. Im Blog m\u00f6chte ich eher <strong>Kurzportr\u00e4ts<\/strong> von neu entdeckten oder aktuellen Lieblingen bringen. Gibt es einen ausf\u00fchrlichen Artikel auf Pagewizz zum Thema,\u00a0 verweise ich immer wieder mit Linkadresse darauf.<br \/>\nAlso dann &#8211; viel Vergn\u00fcgen mit AdelesNaturblog!<\/p>\n<p>PS: Hier geht es zu meiner <a href=\"https:\/\/www.adele-sansone.com\/\">Buch-Autorenseite<\/a><\/p>\n","protected":false},"excerpt":{"rendered":"<p>Wer ich bin; also einmal Autorin f\u00fcr Kinder- und Jugendbuch und Illustratorin; im nichtberuflichen Leben aber vor allem Garten- bzw. Botanikfreak. Lebensraum Nordtirol. Gerne auch auf Reisen wandernd und mit Fotoapprat bewaffnet quer durchs Land unterwegs. Ich schreibe aber weiterhin gerne rund um Natur, Pflanzen, Tiere. Wobei mich auch die &hellip;<\/p>\n","protected":false},"author":2,"featured_media":0,"parent":0,"menu_order":10,"comment_status":"closed","ping_status":"closed","template":"","meta":{"footnotes":""},"class_list":["post-582","page","type-page","status-publish","hentry"],"_links":{"self":[{"href":"https:\/\/adele-sansone.com\/wordpress\/wp-json\/wp\/v2\/pages\/582","targetHints":{"allow":["GET"]}}],"collection":[{"href":"https:\/\/adele-sansone.com\/wordpress\/wp-json\/wp\/v2\/pages"}],"about":[{"href":"https:\/\/adele-sansone.com\/wordpress\/wp-json\/wp\/v2\/types\/page"}],"author":[{"embeddable":true,"href":"https:\/\/adele-sansone.com\/wordpress\/wp-json\/wp\/v2\/users\/2"}],"replies":[{"embeddable":true,"href":"https:\/\/adele-sansone.com\/wordpress\/wp-json\/wp\/v2\/comments?post=582"}],"version-history":[{"count":13,"href":"https:\/\/adele-sansone.com\/wordpress\/wp-json\/wp\/v2\/pages\/582\/revisions"}],"predecessor-version":[{"id":4324,"href":"https:\/\/adele-sansone.com\/wordpress\/wp-json\/wp\/v2\/pages\/582\/revisions\/4324"}],"wp:attachment":[{"href":"https:\/\/adele-sansone.com\/wordpress\/wp-json\/wp\/v2\/media?parent=582"}],"curies":[{"name":"wp","href":"https:\/\/api.w.org\/{rel}","templated":true}]}}